{"id":3415,"date":"2024-05-02T10:02:21","date_gmt":"2024-05-02T08:02:21","guid":{"rendered":"https:\/\/gsk.isd-internet.de\/?page_id=3415"},"modified":"2024-09-03T19:30:02","modified_gmt":"2024-09-03T17:30:02","slug":"tragwerksplanung","status":"publish","type":"page","link":"https:\/\/www.gsk-gmbh.com\/en\/leistungen\/tragwerksplanung","title":{"rendered":"Planning of structures"},"content":{"rendered":"<div class=\"wpb-content-wrapper\"><div class=\"vc_row wpb_row vc_row-fluid\"><div class=\"container\"><div class=\"row\"><div class=\"wpb_column vc_column_container vc_col-sm-8\"><div class=\"vc_column-inner\"><div class=\"wpb_wrapper\"><h1 style=\"font-size: 35px;text-align: left\" class=\"vc_custom_heading\" >Planning of structures<\/h1>\n\t<div class=\"wpb_text_column wpb_content_element\" >\n\t\t<div class=\"wpb_wrapper\">\n\t\t\t<p>GSK offers services from the first draft, the dimensioning and detailed planning up to the preparation of auditable static certificates for structures in the field of glass and facade. The project sizes range from glass projecting roofs or glass railings to post-and-beam facades or point-held facades and also include special constructions, consisting of filigree rope support structures or even glass carrier elements used for the realisation of highly transparent facades and roof constructions.<\/p>\n<p><strong>Our services include the following:<\/strong><\/p>\n<h2>Development, design and optimisation of constructions<\/h2>\n<ul>\n<li>Development and design of constructions considering all legal guidelines, production- and fitting-specific features as well as profitability<\/li>\n<li>Preparation of detail- and execution planning for glass and special constructions<\/li>\n<li>Preparation of the necessary auditable verification documents<\/li>\n<\/ul>\n<h2>Numeric simulation and static proofs<\/h2>\n<ul>\n<li>Numeric simulation of static, dynamic and thermal problems on glass and facade constructions using the Finite Elements Method (FEM)<\/li>\n<li>Statics of mullions for facade and roof support systems<\/li>\n<li>Glass statics<\/li>\n<li>Numeric simulation of the pendulum impact test with the help of transient dynamic calculations<\/li>\n<li>Preparation of the necessary auditable verification documents<\/li>\n<\/ul>\n<h2>Planning<\/h2>\n<ul>\n<li>Development and definition of constructive details<\/li>\n<li>Preparation of all documents for the planning process, either as a detailed plan or a execution plan for glass and special constructions<\/li>\n<\/ul>\n<h2>Types of construction<\/h2>\n<ul>\n<li>Glazing of all kinds<\/li>\n<li>Whole-glass constructions<\/li>\n<li>Point-held glass facades and roof support structures<\/li>\n<li>Post-and-beam-facades and roof constructions<\/li>\n<li>P\/R-Fassaden und Dachkonstruktionen<\/li>\n<\/ul>\n\n\t\t<\/div>\n\t<\/div>\n<div class=\"ba-empty-space\" style=\"\"><div class=\"ba_empty_space_lg\"  style=\"height: 80px\"><\/div><div class=\"ba_empty_space_md\"  style=\"height: 80px\"><\/div><div class=\"ba_empty_space_xs\"  style=\"height: 80px\"><\/div><\/div><\/div><\/div><\/div><\/div><\/div><\/div><div class=\"vc_row wpb_row vc_row-fluid\"><div class=\"container\"><div class=\"row\"><div class=\"wpb_column vc_column_container vc_col-sm-12\"><div class=\"vc_column-inner\"><div class=\"wpb_wrapper\"><div class=\"vc_separator wpb_content_element vc_separator_align_center vc_sep_width_100 vc_sep_pos_align_center vc_sep_color_grey vc_separator-has-text\" ><span class=\"vc_sep_holder vc_sep_holder_l\"><span class=\"vc_sep_line\"><\/span><\/span><h4>Additional Services<\/h4><span class=\"vc_sep_holder vc_sep_holder_r\"><span class=\"vc_sep_line\"><\/span><\/span>\n<\/div><div class=\"ba-empty-space\" style=\"\"><div class=\"ba_empty_space_lg\"  style=\"height: 50px\"><\/div><div class=\"ba_empty_space_md\"  style=\"height: 50px\"><\/div><div class=\"ba_empty_space_xs\"  style=\"height: 50px\"><\/div><\/div><\/div><\/div><\/div><\/div><\/div><\/div><div class=\"vc_row wpb_row vc_row-fluid\"><div class=\"container\"><div class=\"row\"><div class=\"wpb_column vc_column_container vc_col-sm-4\"><div class=\"vc_column-inner\"><div class=\"wpb_wrapper\"><div class=\"ba-button text-left classic primary-color\"><a class=\"button btn-primary\" href=\"https:\/\/www.gsk-gmbh.com\/en\/leistungen\/anwendungstechnik\/\">Consultancy<i class=\"ion-android-arrow-forward\"><\/i><\/a><\/div><\/div><\/div><\/div><div class=\"wpb_column vc_column_container vc_col-sm-4\"><div class=\"vc_column-inner\"><div class=\"wpb_wrapper\"><div class=\"ba-button text-center classic primary-color\"><a class=\"button btn-primary\" href=\"https:\/\/www.gsk-gmbh.com\/en\/leistungen\/baugenehmigung\/\">Planingingpermission<i class=\"ion-android-arrow-forward\"><\/i><\/a><\/div><\/div><\/div><\/div><div class=\"wpb_column vc_column_container vc_col-sm-4\"><div class=\"vc_column-inner\"><div class=\"wpb_wrapper\"><div class=\"ba-button text-left classic primary-color\"><a class=\"button btn-primary\" href=\"https:\/\/www.gsk-gmbh.com\/en\/leistungen\/gutachten\/\">Appraise<i class=\"ion-android-arrow-forward\"><\/i><\/a><\/div><\/div><\/div><\/div><\/div><\/div><\/div>\n<\/div>","protected":false},"excerpt":{"rendered":"Tragwerksplanung GSK bietet Leistungen vom ersten Entwurf \u00fcber die Dimensionierung und detaillierte Planung bis hin zur Erstellung der pr\u00fcff\u00e4higen statischen Nachweise f\u00fcr Tragwerksl\u00f6sungen im Bereich Glas und Fassade. Die Projektgr\u00f6\u00dfen erstrecken sich vom Glasvordach oder der Glasbr\u00fcstung \u00fcber Pfosten- \/ Riegelfassaden oder punktgehaltene Fassaden bis hin zur Sonderkonstruktionen, bei welchen filigrane Seiltragwerke oder gar Glastragelemente [...]","protected":false},"author":1,"featured_media":0,"parent":2949,"menu_order":32,"comment_status":"closed","ping_status":"closed","template":"","meta":{"footnotes":""},"class_list":["post-3415","page","type-page","status-publish","hentry","no-thumb"],"_links":{"self":[{"href":"https:\/\/www.gsk-gmbh.com\/en\/wp-json\/wp\/v2\/pages\/3415","targetHints":{"allow":["GET"]}}],"collection":[{"href":"https:\/\/www.gsk-gmbh.com\/en\/wp-json\/wp\/v2\/pages"}],"about":[{"href":"https:\/\/www.gsk-gmbh.com\/en\/wp-json\/wp\/v2\/types\/page"}],"author":[{"embeddable":true,"href":"https:\/\/www.gsk-gmbh.com\/en\/wp-json\/wp\/v2\/users\/1"}],"replies":[{"embeddable":true,"href":"https:\/\/www.gsk-gmbh.com\/en\/wp-json\/wp\/v2\/comments?post=3415"}],"version-history":[{"count":0,"href":"https:\/\/www.gsk-gmbh.com\/en\/wp-json\/wp\/v2\/pages\/3415\/revisions"}],"up":[{"embeddable":true,"href":"https:\/\/www.gsk-gmbh.com\/en\/wp-json\/wp\/v2\/pages\/2949"}],"wp:attachment":[{"href":"https:\/\/www.gsk-gmbh.com\/en\/wp-json\/wp\/v2\/media?parent=3415"}],"curies":[{"name":"wp","href":"https:\/\/api.w.org\/{rel}","templated":true}]}}