{"id":3413,"date":"2024-05-02T10:00:57","date_gmt":"2024-05-02T08:00:57","guid":{"rendered":"https:\/\/gsk.isd-internet.de\/?page_id=3413"},"modified":"2024-09-03T19:30:13","modified_gmt":"2024-09-03T17:30:13","slug":"baugenehmigung","status":"publish","type":"page","link":"https:\/\/www.gsk-gmbh.com\/en\/leistungen\/baugenehmigung","title":{"rendered":"Planingingpermission"},"content":{"rendered":"<div class=\"wpb-content-wrapper\"><div class=\"vc_row wpb_row vc_row-fluid\"><div class=\"container\"><div class=\"row\"><div class=\"wpb_column vc_column_container vc_col-sm-8\"><div class=\"vc_column-inner\"><div class=\"wpb_wrapper\"><h1 style=\"font-size: 35px;text-align: left\" class=\"vc_custom_heading\" >Planingingpermission<\/h1><p style=\"font-size: 16px;line-height: 24px;text-align: left\" class=\"vc_custom_heading\" >Ein hoher Prozentsatz der modernen und innovativen Glasfassaden und Konstruktionen werden heute sowohl mit geregelten als auch mit ungeregelten Bauprodukten \/ Bauarten umgesetzt.<\/p>\n<p>Bei der Erwirkung der Baugenehmigung hat dabei das Verfahren der Zustimmung im Einzelfall ( Z.i.E. ) zur Realisierung innovativer Baukonstruktionen besondere Bedeutung.<\/p><div class=\"vc_separator wpb_content_element vc_separator_align_center vc_sep_width_100 vc_sep_pos_align_center vc_sep_color_grey vc_separator-has-text\" ><span class=\"vc_sep_holder vc_sep_holder_l\"><span class=\"vc_sep_line\"><\/span><\/span><h4>Download<\/h4><span class=\"vc_sep_holder vc_sep_holder_r\"><span class=\"vc_sep_line\"><\/span><\/span>\n<\/div>\n\t<div class=\"wpb_text_column wpb_content_element\" >\n\t\t<div class=\"wpb_wrapper\">\n\t\t\t<ul>\n<li><a href=\"https:\/\/www.gsk-gmbh.com\/wp-content\/uploads\/2024\/05\/GSK-Kosterkl_ZIE.pdf\" target=\"_blank\" rel=\"noopener\"><strong>Formblatt Kosten<\/strong><\/a> (f\u00fcr Zustimmung im Einzelfall ZiE)<\/li>\n<li><a href=\"https:\/\/www.gsk-gmbh.com\/wp-content\/uploads\/2024\/05\/GSK-Kosterkl_VBAG.pdf\" target=\"_blank\" rel=\"noopener\"><strong>Formblatt Kosten<\/strong><\/a> (f\u00fcr Zustimmung vBG )<\/li>\n<li><strong><a href=\"https:\/\/www.gsk-gmbh.com\/wp-content\/uploads\/2024\/05\/GSK-Info.pdf\" target=\"_blank\" rel=\"noopener\">Informationsblatt<\/a> <\/strong>(f\u00fcr Zustimmung im Einzelfall ZiE)<\/li>\n<\/ul>\n\n\t\t<\/div>\n\t<\/div>\n<div class=\"ba-empty-space\" style=\"\"><div class=\"ba_empty_space_lg\"  style=\"height: 30px\"><\/div><div class=\"ba_empty_space_md\"  style=\"height: 30px\"><\/div><div class=\"ba_empty_space_xs\"  style=\"height: 30px\"><\/div><\/div><div class=\"vc_separator wpb_content_element vc_separator_align_center vc_sep_width_100 vc_sep_pos_align_center vc_separator_no_text vc_sep_color_grey\" ><span class=\"vc_sep_holder vc_sep_holder_l\"><span class=\"vc_sep_line\"><\/span><\/span><span class=\"vc_sep_holder vc_sep_holder_r\"><span class=\"vc_sep_line\"><\/span><\/span>\n<\/div>\n\t<div class=\"wpb_text_column wpb_content_element\" >\n\t\t<div class=\"wpb_wrapper\">\n\t\t\t<h2><strong>Unsere Leistungen umfassen vor allem:<\/strong><\/h2>\n<ul>\n<li>\u00dcberwachung und Koordinierung aller Abl\u00e4ufe<\/li>\n<li>Planung und \u00dcberpr\u00fcfung und Genehmigung von Pr\u00fcf-Konzepten<\/li>\n<li>Antrag auf Einzelzustimmungen<\/li>\n<li>Monitoring-Prozess des\u00a0Genehmigungsverfahrens<\/li>\n<li>Unterst\u00fctzung bei der Konstruktion und Anwendung und Erstellung von bestehenden Zertifikaten f\u00fcr das Genehmigungsverfahren<\/li>\n<\/ul>\n\n\t\t<\/div>\n\t<\/div>\n<\/div><\/div><\/div><\/div><\/div><\/div><div class=\"vc_row wpb_row vc_row-fluid\"><div class=\"container\"><div class=\"row\"><div class=\"wpb_column vc_column_container vc_col-sm-12\"><div class=\"vc_column-inner\"><div class=\"wpb_wrapper\"><div class=\"ba-empty-space\" style=\"\"><div class=\"ba_empty_space_lg\"  style=\"height: 80px\"><\/div><div class=\"ba_empty_space_md\"  style=\"height: 80px\"><\/div><div class=\"ba_empty_space_xs\"  style=\"height: 80px\"><\/div><\/div><div class=\"vc_separator wpb_content_element vc_separator_align_center vc_sep_width_100 vc_sep_pos_align_center vc_sep_color_grey vc_separator-has-text\" ><span class=\"vc_sep_holder vc_sep_holder_l\"><span class=\"vc_sep_line\"><\/span><\/span><h4>Additional Services<\/h4><span class=\"vc_sep_holder vc_sep_holder_r\"><span class=\"vc_sep_line\"><\/span><\/span>\n<\/div><div class=\"ba-empty-space\" style=\"\"><div class=\"ba_empty_space_lg\"  style=\"height: 30px\"><\/div><div class=\"ba_empty_space_md\"  style=\"height: 30px\"><\/div><div class=\"ba_empty_space_xs\"  style=\"height: 30px\"><\/div><\/div><\/div><\/div><\/div><\/div><\/div><\/div><div class=\"vc_row wpb_row vc_row-fluid\"><div class=\"container\"><div class=\"row\"><div class=\"wpb_column vc_column_container vc_col-sm-4\"><div class=\"vc_column-inner\"><div class=\"wpb_wrapper\"><div class=\"ba-button text-left classic primary-color\"><a class=\"button btn-primary\" href=\"https:\/\/www.gsk-gmbh.com\/en\/leistungen\/anwendungstechnik\/\">Consultancy<i class=\"ion-android-arrow-forward\"><\/i><\/a><\/div><\/div><\/div><\/div><div class=\"wpb_column vc_column_container vc_col-sm-4\"><div class=\"vc_column-inner\"><div class=\"wpb_wrapper\"><div class=\"ba-button text-left classic primary-color\"><a class=\"button btn-primary\" href=\"https:\/\/www.gsk-gmbh.com\/en\/leistungen\/tragwerksplanung\/\">Planning of structures<i class=\"ion-android-arrow-forward\"><\/i><\/a><\/div><\/div><\/div><\/div><div class=\"wpb_column vc_column_container vc_col-sm-4\"><div class=\"vc_column-inner\"><div class=\"wpb_wrapper\"><div class=\"ba-button text-left classic primary-color\"><a class=\"button btn-primary\" href=\"https:\/\/www.gsk-gmbh.com\/en\/leistungen\/gutachten\/\">Appraise<i class=\"ion-android-arrow-forward\"><\/i><\/a><\/div><\/div><\/div><\/div><\/div><\/div><\/div>\n<\/div>","protected":false},"excerpt":{"rendered":"BaugenehmigungEin hoher Prozentsatz der modernen und innovativen Glasfassaden und Konstruktionen werden heute sowohl mit geregelten als auch mit ungeregelten Bauprodukten \/ Bauarten umgesetzt. Bei der Erwirkung der Baugenehmigung hat dabei das Verfahren der Zustimmung im Einzelfall ( Z.i.E. ) zur Realisierung innovativer Baukonstruktionen besondere Bedeutung.Download Formblatt Kosten (f\u00fcr Zustimmung im Einzelfall ZiE) Formblatt Kosten (f\u00fcr [...]","protected":false},"author":1,"featured_media":0,"parent":2949,"menu_order":33,"comment_status":"closed","ping_status":"closed","template":"","meta":{"footnotes":""},"class_list":["post-3413","page","type-page","status-publish","hentry","no-thumb"],"_links":{"self":[{"href":"https:\/\/www.gsk-gmbh.com\/en\/wp-json\/wp\/v2\/pages\/3413","targetHints":{"allow":["GET"]}}],"collection":[{"href":"https:\/\/www.gsk-gmbh.com\/en\/wp-json\/wp\/v2\/pages"}],"about":[{"href":"https:\/\/www.gsk-gmbh.com\/en\/wp-json\/wp\/v2\/types\/page"}],"author":[{"embeddable":true,"href":"https:\/\/www.gsk-gmbh.com\/en\/wp-json\/wp\/v2\/users\/1"}],"replies":[{"embeddable":true,"href":"https:\/\/www.gsk-gmbh.com\/en\/wp-json\/wp\/v2\/comments?post=3413"}],"version-history":[{"count":0,"href":"https:\/\/www.gsk-gmbh.com\/en\/wp-json\/wp\/v2\/pages\/3413\/revisions"}],"up":[{"embeddable":true,"href":"https:\/\/www.gsk-gmbh.com\/en\/wp-json\/wp\/v2\/pages\/2949"}],"wp:attachment":[{"href":"https:\/\/www.gsk-gmbh.com\/en\/wp-json\/wp\/v2\/media?parent=3413"}],"curies":[{"name":"wp","href":"https:\/\/api.w.org\/{rel}","templated":true}]}}