{"id":26,"date":"2024-03-26T04:06:42","date_gmt":"2024-03-26T03:06:42","guid":{"rendered":"http:\/\/demo2.drfuri.com\/baroque\/?page_id=26"},"modified":"2026-04-14T08:46:33","modified_gmt":"2026-04-14T06:46:33","slug":"ingenieurbuero-fuer-konstrutiven-glasbau","status":"publish","type":"page","link":"https:\/\/www.gsk-gmbh.com\/en\/ingenieurbuero-fuer-konstrutiven-glasbau","title":{"rendered":"Company profile"},"content":{"rendered":"<div class=\"wpb-content-wrapper\"><div class=\"vc_row wpb_row vc_row-fluid\"><div class=\"container\"><div class=\"row\"><div class=\"wpb_column vc_column_container vc_col-sm-12\"><div class=\"vc_column-inner\"><div class=\"wpb_wrapper\">\n\t<div class=\"wpb_text_column wpb_content_element\" >\n\t\t<div class=\"wpb_wrapper\">\n\t\t\t\n\t\t<\/div>\n\t<\/div>\n<\/div><\/div><\/div><\/div><\/div><\/div><div class=\"vc_row wpb_row vc_row-fluid\"><div class=\"container\"><div class=\"row\"><div class=\"wpb_column vc_column_container vc_col-sm-8\"><div class=\"vc_column-inner\"><div class=\"wpb_wrapper\">\n\t<div class=\"wpb_text_column wpb_content_element\" >\n\t\t<div class=\"wpb_wrapper\">\n\t\t\t<h2>GSK GMBH<br \/>\nSTRUCTURAL ENGINEERING WITH GLASS<\/h2>\n<p>For almost 30 years, you have trusted us to overcome these hurdles with you.<\/p>\n<p>Founded in 1996, we have extensive experience from <strong>more than 10,000 glass construction projects worldwide<\/strong>.<\/p>\n<p><strong>We offer you all services in the field of structural engineering glass construction - from the design phase through approval planning to property monitoring.<\/strong><\/p>\n<p>As a specialized Engineering company, we can offer support ranging from the first drafts of a glass construction to the phase of approval and realization of planning up to the guidance and supervision of building constructions. Specific norms of the country or area and the respective boards of construction as well as necessary inspection of building components will find as much attention during design and construction, as statics, building-physical and economic concerns.<\/p>\n<p>Our ten-headed team can refer on professional competence in fields of planning support systems,\nbuilding physics, glass application techniques, as well as development and construction.<\/p>\n<p>You can already find us in the specialist list of structural engineers working nationwide. This means that all of our static calculations and proof of stability correspond to the building law requirements of the new state building regulations of the Federal Republic of Germany.<\/p>\n<p>The team\u2019s work is supported by an office management system, which is optimized by a modern communication structure\n\nGSK offers support to architects and planners, facade and glass builders. As a specialized\n\nEngineering company, we can offer support ranging from the first drafts of a glass construction\n\nto the phase of approval and realization of planning up to the guidance and supervision of \nbuilding constructions.<\/p>\n<p><strong>GSK \u2013 Glas Statik Konstruktion GmbH<\/strong><\/p>\n<p>Tiberstrasse 21<br \/>\n48249 D\u00fclmen | Germany<\/p>\n<p>Phone +49 (0) 2594 \u2013 89 39 50<\/p>\n<p>E-Mail: mail(at)gsk-gmbh.com<\/p>\n\n\t\t<\/div>\n\t<\/div>\n<div class=\"ba-empty-space\" style=\"\"><div class=\"ba_empty_space_lg\"  style=\"height: 50px\"><\/div><div class=\"ba_empty_space_md\"  style=\"height: 50px\"><\/div><div class=\"ba_empty_space_xs\"  style=\"height: 50px\"><\/div><\/div><div class=\"wpb_column vc_column_container vc_col-sm-4\"><div class=\"vc_column-inner\"><div class=\"wpb_wrapper\"><\/div><\/div><\/div><\/div><\/div><\/div><\/div><\/div><\/div><div class=\"vc_row wpb_row vc_row-fluid\"><div class=\"container\"><div class=\"row\"><div class=\"wpb_column vc_column_container vc_col-sm-12\"><div class=\"vc_column-inner\"><div class=\"wpb_wrapper\"><div class=\"vc_separator wpb_content_element vc_separator_align_center vc_sep_width_100 vc_sep_pos_align_center vc_separator_no_text vc_sep_color_white vc_custom_1776149110102  vc_custom_1776149110102\" ><span class=\"vc_sep_holder vc_sep_holder_l\"><span class=\"vc_sep_line\"><\/span><\/span><span class=\"vc_sep_holder vc_sep_holder_r\"><span class=\"vc_sep_line\"><\/span><\/span>\n<\/div>\n\t<div class=\"wpb_text_column wpb_content_element  wpb_animate_when_almost_visible wpb_fadeIn fadeIn\" >\n\t\t<div class=\"wpb_wrapper\">\n\t\t\t<h3>Together, we pool our knowledge to develop optimal solutions for our clients.<\/h3>\n<p>&nbsp;<\/p>\n\n\t\t<\/div>\n\t<\/div>\n<div class=\"ba-single-image ba-gallery-popup  text-center\"><a href=\"https:\/\/www.gsk-gmbh.com\/wp-content\/uploads\/2026\/04\/Uebersicht-Bueros-2048x1152-1.webp\" class=\"photoswipe\" data-large_image_width=\"2048\" data-large_image_height=\"1152\"><img loading=\"lazy\" decoding=\"async\" width=\"2048\" height=\"1152\" src=\"https:\/\/www.gsk-gmbh.com\/wp-content\/uploads\/2026\/04\/Uebersicht-Bueros-2048x1152-1.webp\" class=\"attachment-full\" alt=\"CONNECT TEAM ing\" title=\"Uebersicht-Bueros-2048x1152\" srcset=\"https:\/\/www.gsk-gmbh.com\/wp-content\/uploads\/2026\/04\/Uebersicht-Bueros-2048x1152-1.webp 2048w, https:\/\/www.gsk-gmbh.com\/wp-content\/uploads\/2026\/04\/Uebersicht-Bueros-2048x1152-1-300x169.webp 300w, https:\/\/www.gsk-gmbh.com\/wp-content\/uploads\/2026\/04\/Uebersicht-Bueros-2048x1152-1-1024x576.webp 1024w, https:\/\/www.gsk-gmbh.com\/wp-content\/uploads\/2026\/04\/Uebersicht-Bueros-2048x1152-1-768x432.webp 768w, https:\/\/www.gsk-gmbh.com\/wp-content\/uploads\/2026\/04\/Uebersicht-Bueros-2048x1152-1-1536x864.webp 1536w, https:\/\/www.gsk-gmbh.com\/wp-content\/uploads\/2026\/04\/Uebersicht-Bueros-2048x1152-1-18x10.webp 18w, https:\/\/www.gsk-gmbh.com\/wp-content\/uploads\/2026\/04\/Uebersicht-Bueros-2048x1152-1-1405x790.webp 1405w\" sizes=\"auto, (max-width: 2048px) 100vw, 2048px\" \/><\/a><\/div><\/div><\/div><\/div><\/div><\/div><\/div><section class=\"vc_section\"><div class=\"vc_row wpb_row vc_row-fluid\"><div class=\"container\"><div class=\"row\"><div class=\"wpb_column vc_column_container vc_col-sm-12\"><div class=\"vc_column-inner\"><div class=\"wpb_wrapper\"><div class=\"ba-empty-space\" style=\"\"><div class=\"ba_empty_space_lg\"  style=\"height: 70px\"><\/div><div class=\"ba_empty_space_md\"  style=\"height: 70px\"><\/div><div class=\"ba_empty_space_xs\"  style=\"height: 70px\"><\/div><\/div><\/div><\/div><\/div><\/div><\/div><\/div><\/section><div class=\"vc_row wpb_row vc_row-fluid\"><div class=\"container\"><div class=\"row\"><div class=\"wpb_column vc_column_container vc_col-sm-12\"><div class=\"vc_column-inner\"><div class=\"wpb_wrapper\"><div class=\"ba-image-box\"><div class=\"service-thumbnail\"><a href=\"\/wp-content\/uploads\/2024\/06\/ueSQ60.mp4\"><img loading=\"lazy\" decoding=\"async\" width=\"639\" height=\"354\" src=\"https:\/\/www.gsk-gmbh.com\/wp-content\/uploads\/2024\/06\/pic_video.jpg\" class=\"attachment-full\" alt=\"Video laden\" title=\"Video Baustelle \u00dcberseequartier Hamburg\" srcset=\"https:\/\/www.gsk-gmbh.com\/wp-content\/uploads\/2024\/06\/pic_video.jpg 639w, https:\/\/www.gsk-gmbh.com\/wp-content\/uploads\/2024\/06\/pic_video-300x166.jpg 300w, https:\/\/www.gsk-gmbh.com\/wp-content\/uploads\/2024\/06\/pic_video-18x10.jpg 18w\" sizes=\"auto, (max-width: 639px) 100vw, 639px\" \/><\/a><\/div><div class=\"service-summary\"><span class=\"subtitle\">Video Baustelle \u00dcberseequartier Hamburg<\/span><h3><a href=\"\/wp-content\/uploads\/2024\/06\/ueSQ60.mp4\" title=\"Video laden\" target=\"_blank\">\u00a9 Roschmann GROUP<\/a><\/h3><\/div><\/div><\/div><\/div><\/div><\/div><\/div><\/div><div class=\"vc_row wpb_row vc_row-fluid\"><div class=\"container\"><div class=\"row\"><div class=\"wpb_column vc_column_container vc_col-sm-12\"><div class=\"vc_column-inner\"><div class=\"wpb_wrapper\"><div class=\"ba-empty-space\" style=\"\"><div class=\"ba_empty_space_lg\"  style=\"height: 50px\"><\/div><div class=\"ba_empty_space_md\"  style=\"height: 50px\"><\/div><div class=\"ba_empty_space_xs\"  style=\"height: 50px\"><\/div><\/div><\/div><\/div><\/div><\/div><\/div><\/div>\n<\/div>","protected":false},"excerpt":{"rendered":"GSK GMBH GLAS STATIK KONSTRUKTION Seit fast 30 Jahren vertrauen Sie darauf, dass wir mit Ihnen diese H\u00fcrden meistern. Gegr\u00fcndet 1996, verf\u00fcgen wir \u00fcber umfangreiche Erfahrungen aus mehr als 10.000 Glasbau-Projekten weltweit. Das Unternehmen GSK bietet Ihnen alle Dienstleistungen aus dem Bereich des konstruktiven Ingenieur-Glasbaus \u2013 von der Entwurfsphase \u00fcber die Genehmigungsplanung bis hin zur [...]","protected":false},"author":1,"featured_media":0,"parent":0,"menu_order":2,"comment_status":"closed","ping_status":"closed","template":"template-fullwidth.php","meta":{"footnotes":""},"class_list":["post-26","page","type-page","status-publish","hentry","no-thumb"],"_links":{"self":[{"href":"https:\/\/www.gsk-gmbh.com\/en\/wp-json\/wp\/v2\/pages\/26","targetHints":{"allow":["GET"]}}],"collection":[{"href":"https:\/\/www.gsk-gmbh.com\/en\/wp-json\/wp\/v2\/pages"}],"about":[{"href":"https:\/\/www.gsk-gmbh.com\/en\/wp-json\/wp\/v2\/types\/page"}],"author":[{"embeddable":true,"href":"https:\/\/www.gsk-gmbh.com\/en\/wp-json\/wp\/v2\/users\/1"}],"replies":[{"embeddable":true,"href":"https:\/\/www.gsk-gmbh.com\/en\/wp-json\/wp\/v2\/comments?post=26"}],"version-history":[{"count":10,"href":"https:\/\/www.gsk-gmbh.com\/en\/wp-json\/wp\/v2\/pages\/26\/revisions"}],"predecessor-version":[{"id":4249,"href":"https:\/\/www.gsk-gmbh.com\/en\/wp-json\/wp\/v2\/pages\/26\/revisions\/4249"}],"wp:attachment":[{"href":"https:\/\/www.gsk-gmbh.com\/en\/wp-json\/wp\/v2\/media?parent=26"}],"curies":[{"name":"wp","href":"https:\/\/api.w.org\/{rel}","templated":true}]}}